{"id":16,"date":"2014-10-01T14:36:54","date_gmt":"2014-10-01T13:36:54","guid":{"rendered":"http:\/\/ecole-ste-anne-asserac.fr\/?page_id=16"},"modified":"2022-09-04T17:59:34","modified_gmt":"2022-09-04T15:59:34","slug":"reglement-interieur","status":"publish","type":"page","link":"https:\/\/ecole-ste-anne-asserac.fr\/?page_id=16","title":{"rendered":"R\u00e8glement int\u00e9rieur"},"content":{"rendered":"<p align=\"CENTER\"><span style=\"font-family: Kristen ITC, cursive;\"><span style=\"font-size: x-large;\">REGLEMENT INTERIEUR<\/span><\/span><\/p>\n<p align=\"CENTER\">Un protocole sanitaire est \u00e9galement en vigueur dans l&rsquo;\u00e9tablissement pendant toute la p\u00e9riode COVID.<\/p>\n<p align=\"CENTER\">Il est mis \u00e0 jour r\u00e9guli\u00e8rement, en fonction des directives minist\u00e9rielles.<\/p>\n<h1 class=\"western\"><span style=\"font-size: small;\">Article 1&nbsp;: Les horaires&nbsp;<\/span><\/h1>\n<ul>\n<li>\n<p align=\"JUSTIFY\"><span style=\"font-size: small;\">On doit arriver \u00e0 l\u2019heure \u00e0 l\u2019\u00e9cole, c\u2019est \u00e0 dire <\/span><span style=\"font-size: small;\"><b>entre 8H30 et 8H45 le matin<\/b><\/span><span style=\"font-size: small;\"> , et entre <\/span><span style=\"font-size: small;\"><b>13H30 et 13H45<\/b><\/span><span style=\"font-size: small;\"> l\u2019apr\u00e8s-midi pour les primaires et entre <\/span><span style=\"font-size: small;\"><b>13H00 et 13H15<\/b><\/span><span style=\"font-size: small;\"> pour les maternelles. Les enfants du CE1 au CM2 sont accueillis sur la cour le matin, les maternelles et CP dans leurs classes. A partir du CP, tout retard des enfants sera signal\u00e9 \u00e0 la Directrice et les familles devront signer un billet de retard.<\/span><\/p>\n<\/li>\n<li>\n<p align=\"JUSTIFY\"><span style=\"font-size: small;\">Il faut venir se ranger sans tarder d\u00e8s la fin de la r\u00e9cr\u00e9ation : Avant que les enseignantes sonnent la cloche, je passe aux W.C, je me lave les mains, je r\u00e9cup\u00e8re mes affaires dans le panier et je me range en silence devant ma classe.<\/span><\/p>\n<\/li>\n<\/ul>\n<h1 class=\"western\"><span style=\"font-size: small;\">Article 2&nbsp;: Respect des personnes<\/span><\/h1>\n<p align=\"JUSTIFY\"><span style=\"font-size: small;\">Chacun a droit au respect&nbsp;: les enfants comme les adultes. Il faut donc &nbsp;:<\/span><\/p>\n<ul>\n<li>\n<p align=\"JUSTIFY\"><span style=\"font-size: small;\">Etre poli ( bonjour, au revoir, s\u2019il vous pla\u00eet, merci, pardon\u2026..)<\/span><\/p>\n<\/li>\n<li>\n<p align=\"JUSTIFY\"><span style=\"font-size: small;\">Ne pas insulter, ni se moquer, ni se bagarrer<\/span><\/p>\n<\/li>\n<li>\n<p align=\"JUSTIFY\"><span style=\"font-size: small;\">Ecouter les autres<\/span><\/p>\n<\/li>\n<li>\n<p align=\"JUSTIFY\"><span style=\"font-size: small;\">S\u2019accepter dans nos diff\u00e9rences<\/span><\/p>\n<\/li>\n<li>\n<p align=\"JUSTIFY\"><span style=\"font-size: small;\">Avoir une tenue d\u00e9cente, correcte et adapt\u00e9e ( pas de tongs, pas de shorts courts, pas d \u00ab&nbsp;tenue de plage&nbsp;\u00bb.<\/span><\/p>\n<\/li>\n<\/ul>\n<p><span style=\"font-size: small;\">Les enfants \u00e9tant sous la responsabilit\u00e9 des enseignants dans la journ\u00e9e, en cas de probl\u00e8mes relationnels, enfants et parents doivent exclusivement s&rsquo;adresser aux adultes de l&rsquo;\u00e9cole et en informer la directrice, et ne pas intervenir dans l&rsquo;enceinte de l&rsquo;\u00e9cole.<\/span><\/p>\n<h1 class=\"western\"><span style=\"font-size: small;\">Article 3&nbsp;: R\u00e9cr\u00e9ation et Respect de l\u2019environnement<\/span><\/h1>\n<p align=\"JUSTIFY\"><span style=\"font-size: small;\">Chacun a le droit de jouer et de se d\u00e9tendre au moment de la r\u00e9cr\u00e9ation\u2026.<\/span><\/p>\n<ul>\n<li>\n<p align=\"JUSTIFY\"><span style=\"font-size: small;\">Des jeux sont mis \u00e0 la disposition des \u00e9l\u00e8ves&nbsp;: on ne doit pas les ab\u00eemer et on n\u2019en garde pas un trop longtemps pour soi si quelqu\u2019un le r\u00e9clame<\/span><\/p>\n<\/li>\n<li>\n<p align=\"JUSTIFY\"><span style=\"font-size: small;\">Les jeux de sable restent dans les bacs \u00e0 sable ; petits et grands doivent les ranger apr\u00e8s leur utilisation dans les bacs pr\u00e9vus \u00e0 cet effet. Les v\u00e9los et trottinettes seront rang\u00e9s dans leur local pr\u00e8s du nouveau pr\u00e9au \u00e0 la fin de la r\u00e9cr\u00e9ation de l&rsquo;apr\u00e8s-midi.<\/span><\/p>\n<\/li>\n<li>\n<p align=\"JUSTIFY\"><span style=\"font-size: small;\">Des poubelles sont dispos\u00e9es dans l\u2019\u00e9cole&nbsp;sur la cour et sous les pr\u00e9aux de l&rsquo;\u00e9cole : on n\u2019est pas autoris\u00e9 \u00e0 jeter un papier ailleurs et on respecte les poubelles de tri<\/span><\/p>\n<\/li>\n<li>\n<p align=\"JUSTIFY\"><span style=\"font-size: small;\">Les toilettes ne sont pas une salle de jeux&nbsp;; on ne doit ni pousser les portes avec les pieds, ni les escalader, ni monter sur les urinoirs, ni gaspiller le papier et l\u2019eau. Mais il faut tirer la chasse d\u2019eau, fermer la porte derri\u00e8re soi, se laver les mains, laisser la pi\u00e8ce aussi propre qu\u2019on l\u2019a trouv\u00e9e. On ne va pas \u00e0 plusieurs dans les toilettes&nbsp;!<\/span><\/p>\n<\/li>\n<\/ul>\n<p align=\"JUSTIFY\"><span style=\"font-size: small;\">Les papiers \u00ab&nbsp;essuie-mains&nbsp;\u00bb se jettent dans la poubelle pr\u00e8s des lavabos et non dans les WC, pour que les canalisations ne se bouchent pas.<\/span><\/p>\n<ul>\n<li>\n<p align=\"JUSTIFY\"><span style=\"font-size: small;\">On n\u2019est pas autoris\u00e9 \u00e0 retourner en classe pendant la r\u00e9cr\u00e9ation, sauf si l\u2019adulte donne son accord. Les escaliers ne sont pas une aire de jeux.<\/span><\/p>\n<\/li>\n<li>\n<p align=\"JUSTIFY\"><span style=\"font-size: small;\">Si on se blesse, ou s&rsquo;il y a un probl\u00e8me sur la cour, il faut pr\u00e9venir l\u2019adulte de surveillance&nbsp;; un camarade peut aussi le faire.<\/span><\/p>\n<\/li>\n<\/ul>\n<h1 class=\"western\" align=\"JUSTIFY\"><span style=\"font-size: small;\">Article 4&nbsp;: Travail <\/span><\/h1>\n<p align=\"JUSTIFY\"><span style=\"font-size: small;\">On doit travailler le mieux que l\u2019on peut, avec soin, en classe comme \u00e0 la maison. Il s\u2019agit&nbsp;:<\/span><\/p>\n<ul>\n<li>\n<p align=\"JUSTIFY\"><span style=\"font-size: small;\">d\u2019\u00eatre attentif<\/span><\/p>\n<\/li>\n<li>\n<p align=\"JUSTIFY\"><span style=\"font-size: small;\">de faire le travail demand\u00e9<\/span><\/p>\n<\/li>\n<li>\n<p align=\"JUSTIFY\"><span style=\"font-size: small;\">d\u2019apprendre ses le\u00e7ons<\/span><\/p>\n<\/li>\n<li>\n<p align=\"JUSTIFY\"><span style=\"font-size: small;\">de toujours poss\u00e9der le mat\u00e9riel demand\u00e9 et indispensable, en bon \u00e9tat, tout au long de l\u2019ann\u00e9e<\/span><\/p>\n<\/li>\n<li>\n<p align=\"JUSTIFY\"><span style=\"font-size: small;\">de respecter le mat\u00e9riel collectif et les livres pr\u00eat\u00e9s par l\u2019\u00e9cole<\/span><\/p>\n<\/li>\n<\/ul>\n<p align=\"JUSTIFY\"><span style=\"font-size: small;\"><b>Article 5&nbsp;: Pour la cantine municipale<\/b><\/span><\/p>\n<p align=\"JUSTIFY\"><span style=\"font-size: small;\">Lorsqu\u2019on d\u00e9jeune \u00e0 la cantine&nbsp;:<\/span><\/p>\n<ul>\n<li>\n<p align=\"JUSTIFY\"><span style=\"font-size: small;\">On se lave les mains, on passe aux toilettes avant de prendre le car<\/span><\/p>\n<\/li>\n<li>\n<p align=\"JUSTIFY\"><span style=\"font-size: small;\">On se range pr\u00e8s du muret pour attendre le d\u00e9part<\/span><\/p>\n<\/li>\n<li>\n<p align=\"JUSTIFY\"><span style=\"font-size: small;\">On respecte le personnel tout au long du trajet et le personnel de service<\/span><\/p>\n<\/li>\n<li>\n<p align=\"JUSTIFY\"><span style=\"font-size: small;\">On respecte le r\u00e8glement de la cantine<\/span><\/p>\n<\/li>\n<li>\n<p align=\"JUSTIFY\"><span style=\"font-size: small;\">On reste calme dans le car, on s\u2019attache<\/span><\/p>\n<\/li>\n<\/ul>\n<p align=\"JUSTIFY\"><span style=\"font-size: small;\">S&rsquo;il y a un probl\u00e8me \u00e0 la cantine, il faut s&rsquo;adresser tout de suite au personnel municipal, et\/ou en informer la mairie.<\/span><\/p>\n<h1 class=\"western\" align=\"JUSTIFY\"><span style=\"font-size: small;\">Article 6&nbsp;: Documents de liaison avec la famille<\/span><\/h1>\n<p align=\"JUSTIFY\"><span style=\"font-size: small;\">C\u2019est le lien entre tes parents et l\u2019\u00e9cole. Le cahier et\/ou la pochette doivent toujours \u00eatre dans ton cartable. Tous les renseignements et informations doivent \u00eatre montr\u00e9s \u00e0 tes parents.&nbsp;<\/span><span style=\"font-size: small;\">Ce sont des supports importants, tu en es le responsable.<\/span><\/p>\n<h1 class=\"western\" align=\"JUSTIFY\"><span style=\"font-size: small;\">Article 7&nbsp;: S\u00e9curit\u00e9<\/span><\/h1>\n<ul>\n<li>\n<p align=\"JUSTIFY\"><span style=\"font-size: small;\"><i><u>Objets autoris\u00e9s ou non<\/u><\/i><\/span><span style=\"font-size: small;\">&nbsp;: Tu ne dois pas apporter des objets de valeur de chez toi (bijoux, argent ), ni d\u2019objets qui peuvent \u00eatre dangereux, ni les jeux de la maison sans autorisation. <\/span><\/p>\n<\/li>\n<li>\n<p align=\"JUSTIFY\"><span style=\"font-size: small;\"><i><u>Sortie d\u2019\u00e9cole \u00e0 16H30&nbsp;<\/u><\/i><\/span><span style=\"font-size: small;\">: Tu ne sors pas de l\u2019\u00e9cole sans tes parents, ou l\u2019adulte qui t\u2019accompagne. Tu attends l\u2019autorisation du ma\u00eetre de surveillance pour traverser.&nbsp;<\/span><\/p>\n<\/li>\n<\/ul>\n<p align=\"JUSTIFY\">&nbsp;<\/p>\n<p>&nbsp;<\/p>\n","protected":false},"excerpt":{"rendered":"<p>REGLEMENT INTERIEUR Un protocole sanitaire est \u00e9galement en vigueur dans l&rsquo;\u00e9tablissement pendant toute la p\u00e9riode COVID. Il est mis \u00e0 jour r\u00e9guli\u00e8rement, en fonction des directives minist\u00e9rielles. Article 1&nbsp;: Les horaires&nbsp; On doit arriver \u00e0 l\u2019heure \u00e0 l\u2019\u00e9cole, c\u2019est \u00e0 dire entre 8H30 et 8H45 le matin , et entre 13H30 et 13H45 l\u2019apr\u00e8s-midi pour<\/p>\n<p><a href=\"https:\/\/ecole-ste-anne-asserac.fr\/?page_id=16\" class=\"more-link themebutton\">Lire la suite<\/a><\/p>\n","protected":false},"author":3,"featured_media":0,"parent":0,"menu_order":0,"comment_status":"closed","ping_status":"closed","template":"","meta":{"ngg_post_thumbnail":0,"footnotes":""},"class_list":["post-16","page","type-page","status-publish","hentry"],"_links":{"self":[{"href":"https:\/\/ecole-ste-anne-asserac.fr\/index.php?rest_route=\/wp\/v2\/pages\/16","targetHints":{"allow":["GET"]}}],"collection":[{"href":"https:\/\/ecole-ste-anne-asserac.fr\/index.php?rest_route=\/wp\/v2\/pages"}],"about":[{"href":"https:\/\/ecole-ste-anne-asserac.fr\/index.php?rest_route=\/wp\/v2\/types\/page"}],"author":[{"embeddable":true,"href":"https:\/\/ecole-ste-anne-asserac.fr\/index.php?rest_route=\/wp\/v2\/users\/3"}],"replies":[{"embeddable":true,"href":"https:\/\/ecole-ste-anne-asserac.fr\/index.php?rest_route=%2Fwp%2Fv2%2Fcomments&post=16"}],"version-history":[{"count":3,"href":"https:\/\/ecole-ste-anne-asserac.fr\/index.php?rest_route=\/wp\/v2\/pages\/16\/revisions"}],"predecessor-version":[{"id":5003,"href":"https:\/\/ecole-ste-anne-asserac.fr\/index.php?rest_route=\/wp\/v2\/pages\/16\/revisions\/5003"}],"wp:attachment":[{"href":"https:\/\/ecole-ste-anne-asserac.fr\/index.php?rest_route=%2Fwp%2Fv2%2Fmedia&parent=16"}],"curies":[{"name":"wp","href":"https:\/\/api.w.org\/{rel}","templated":true}]}}