{"id":20,"date":"2014-10-01T14:37:49","date_gmt":"2014-10-01T13:37:49","guid":{"rendered":"http:\/\/ecole-ste-anne-asserac.fr\/?page_id=20"},"modified":"2026-01-19T09:29:04","modified_gmt":"2026-01-19T08:29:04","slug":"la-p-e-l","status":"publish","type":"page","link":"https:\/\/ecole-ste-anne-asserac.fr\/?page_id=20","title":{"rendered":"L&rsquo;A.P.E.L"},"content":{"rendered":"<p><strong><em>L\u2019APEL DE L\u2019ECOLE STE ANNE D\u2019ASSERAC<\/em><\/strong><\/p>\n<p><em>C\u2019est l\u2019association de parents d\u2019\u00e9l\u00e8ves de l\u2019enseignement libre,&nbsp;<\/em><em style=\"line-height: 1.5;\">association loi 1901.<\/em><\/p>\n<p><strong><em>Ses Missions&nbsp;:<\/em><\/strong><\/p>\n<p><em>1- Elle repr\u00e9sente tous les parents :<\/em><\/p>\n<p><em>&#8211;&nbsp;<\/em><em>aupr\u00e8s du chef d\u2019\u00e9tablissement, de l\u2019OGEC (organisation gestionnaire de l\u2019\u00e9cole), du conseil d\u2019\u00e9tablissement.<\/em><\/p>\n<p><em>-aupr\u00e8s des autorit\u00e9s politiques, religieuses et administratives.<\/em><\/p>\n<p><em>-aupr\u00e8s des instances d\u00e9partementales, r\u00e9gionales, nationales\u2026<\/em><\/p>\n<p><em>2- Elle accueille tous les parents, les nouvelles familles et les nouveaux enseignants<\/em><em>.<\/em><\/p>\n<p><em>3- &nbsp;<\/em><em>Elle anime la vie de la communaut\u00e9 \u00e9ducative en concertation avec le chef d\u2019\u00e9tablissement et de l\u2019OGEC, par :<\/em><\/p>\n<p><em>-l\u2019organisation de temps festifs et de convivialit\u00e9 (loto, vide grenier, f\u00eate de l\u2019\u00e9cole,march\u00e9 de No\u00ebl\u2026)<\/em><\/p>\n<div id=\"attachment_97\" style=\"width: 310px\" class=\"wp-caption aligncenter\"><a href=\"http:\/\/ecole-ste-anne-asserac.fr\/wp-content\/uploads\/2014\/10\/SDC10725.jpg\"><img loading=\"lazy\" decoding=\"async\" aria-describedby=\"caption-attachment-97\" class=\"size-medium wp-image-97\" src=\"http:\/\/ecole-ste-anne-asserac.fr\/wp-content\/uploads\/2014\/10\/SDC10725-300x225.jpg\" alt=\"March\u00e9 de No\u00ebl - Ecole Ste Anne Ass\u00e9rac\" width=\"300\" height=\"225\" srcset=\"https:\/\/ecole-ste-anne-asserac.fr\/wp-content\/uploads\/2014\/10\/SDC10725-300x225.jpg 300w, https:\/\/ecole-ste-anne-asserac.fr\/wp-content\/uploads\/2014\/10\/SDC10725-600x450.jpg 600w, https:\/\/ecole-ste-anne-asserac.fr\/wp-content\/uploads\/2014\/10\/SDC10725.jpg 1024w\" sizes=\"auto, (max-width: 300px) 100vw, 300px\" \/><\/a><p id=\"caption-attachment-97\" class=\"wp-caption-text\">March\u00e9 de No\u00ebl<\/p><\/div>\n<p><em>-la r\u00e9alisation d\u2019actions \u00ab&nbsp;vente&nbsp;\u00bb (g\u00e2teaux, bulbes, croissants\u2026)<\/em><\/p>\n<p><em>-la proposition de temps de r\u00e9flexion \u00e0 caract\u00e8re \u00e9ducatif (d\u00e9bat, conf\u00e9rence\u2026)<\/em><\/p>\n<p><em>&nbsp;4- E<\/em><em>lle soutient&nbsp;:<\/em><\/p>\n<p><em>-les projets p\u00e9dagogiques initi\u00e9s par l\u2019\u00e9quipe enseignante&nbsp;:<\/em><\/p>\n<ul>\n<li><em>L\u2019encadrement&nbsp;: ateliers, sorties, voyages\u2026<\/em><\/li>\n<li><em>Le financement de petits mat\u00e9riel\u2026<\/em><\/li>\n<\/ul>\n<p><em>-le projet pastoral&nbsp;: cat\u00e9ch\u00e8se, \u00e9veil \u00e0 la foi, actions de solidarit\u00e9\u2026<\/em><\/p>\n<p><em>-l\u2019OGEC (Travaux, dons, aide aux familles\u2026)<\/em><\/p>\n<p><em>&nbsp;5-&nbsp;<\/em><em>Elle informe les familles :<\/em><\/p>\n<p><em>-sur la vie de l\u2019\u00e9tablissement, les projets en cours, la vie associative,<\/em><\/p>\n<p><em>-sur les services propos\u00e9s par l\u2019\u00e9cole, l\u2019Enseignement catholique, l\u2019APEL d\u00e9partementale, r\u00e9gionale ou nationale (plate forme t\u00e9l\u00e9phonique nationale, Service d\u2019information et Conseils aux familles, site internet <a href=\"http:\/\/www.apel.asso.fr\">www.apel.asso.fr<\/a>, et le magazine \u00ab&nbsp;Famille et \u00e9ducation&nbsp;\u00bb)<\/em><\/p>\n<p><em>-sur les enjeux \u00e9ducatifs pour les enfants et les jeunes.<\/em><\/p>\n<p>&nbsp;<\/p>\n<p><strong>BUREAU ACTUEL ( pour 2025\/2026)<\/strong><\/p>\n<p>Pr\u00e9sidente&nbsp; : Mme VILLENEUVE Audrey<\/p>\n<p>Vice-Pr\u00e9sidente : Mme CADRO C\u00e9line<\/p>\n<p>Tr\u00e9sorier : M. LABBE Mathieu<\/p>\n<p>Vice-Tr\u00e9sorier : Mme LE GUIFFANT Sandra<\/p>\n<p>Secr\u00e9taire : Mme JOUAN No\u00e9mie<\/p>\n<p>Secr\u00e9taire-Adjointe : Mme NOBLET Anne-Laure<\/p>\n","protected":false},"excerpt":{"rendered":"<p>L\u2019APEL DE L\u2019ECOLE STE ANNE D\u2019ASSERAC C\u2019est l\u2019association de parents d\u2019\u00e9l\u00e8ves de l\u2019enseignement libre,&nbsp;association loi 1901. Ses Missions&nbsp;: 1- Elle repr\u00e9sente tous les parents : &#8211;&nbsp;aupr\u00e8s du chef d\u2019\u00e9tablissement, de l\u2019OGEC (organisation gestionnaire de l\u2019\u00e9cole), du conseil d\u2019\u00e9tablissement. -aupr\u00e8s des autorit\u00e9s politiques, religieuses et administratives. -aupr\u00e8s des instances d\u00e9partementales, r\u00e9gionales, nationales\u2026 2- Elle accueille tous<\/p>\n<p><a href=\"https:\/\/ecole-ste-anne-asserac.fr\/?page_id=20\" class=\"more-link themebutton\">Lire la suite<\/a><\/p>\n","protected":false},"author":3,"featured_media":0,"parent":0,"menu_order":0,"comment_status":"closed","ping_status":"closed","template":"","meta":{"ngg_post_thumbnail":0,"footnotes":""},"class_list":["post-20","page","type-page","status-publish","hentry"],"_links":{"self":[{"href":"https:\/\/ecole-ste-anne-asserac.fr\/index.php?rest_route=\/wp\/v2\/pages\/20","targetHints":{"allow":["GET"]}}],"collection":[{"href":"https:\/\/ecole-ste-anne-asserac.fr\/index.php?rest_route=\/wp\/v2\/pages"}],"about":[{"href":"https:\/\/ecole-ste-anne-asserac.fr\/index.php?rest_route=\/wp\/v2\/types\/page"}],"author":[{"embeddable":true,"href":"https:\/\/ecole-ste-anne-asserac.fr\/index.php?rest_route=\/wp\/v2\/users\/3"}],"replies":[{"embeddable":true,"href":"https:\/\/ecole-ste-anne-asserac.fr\/index.php?rest_route=%2Fwp%2Fv2%2Fcomments&post=20"}],"version-history":[{"count":2,"href":"https:\/\/ecole-ste-anne-asserac.fr\/index.php?rest_route=\/wp\/v2\/pages\/20\/revisions"}],"predecessor-version":[{"id":7463,"href":"https:\/\/ecole-ste-anne-asserac.fr\/index.php?rest_route=\/wp\/v2\/pages\/20\/revisions\/7463"}],"wp:attachment":[{"href":"https:\/\/ecole-ste-anne-asserac.fr\/index.php?rest_route=%2Fwp%2Fv2%2Fmedia&parent=20"}],"curies":[{"name":"wp","href":"https:\/\/api.w.org\/{rel}","templated":true}]}}