{"id":22,"date":"2014-10-01T14:38:18","date_gmt":"2014-10-01T13:38:18","guid":{"rendered":"http:\/\/ecole-ste-anne-asserac.fr\/?page_id=22"},"modified":"2022-09-04T17:36:14","modified_gmt":"2022-09-04T15:36:14","slug":"lo-g-e-c","status":"publish","type":"page","link":"https:\/\/ecole-ste-anne-asserac.fr\/?page_id=22","title":{"rendered":"L&rsquo;O.G.E.C"},"content":{"rendered":"<p><em><span style=\"text-decoration: underline;\">Qu\u2019est-ce que l\u2019OGEC&nbsp;?<\/span><\/em><\/p>\n<p>L\u2019 OGEC est l\u2019<span style=\"text-decoration: underline;\">Organisme de Gestion de l\u2019Enseignement Catholique<\/span>. C\u2019est une association r\u00e9gie par la Loi 1901, \u00e0 but non lucratif et g\u00e9r\u00e9e par des b\u00e9n\u00e9voles.<\/p>\n<p>Le <span style=\"text-decoration: underline;\">Conseil d\u2019administration<\/span> est compos\u00e9 de parents d\u2019\u00e9l\u00e8ve ou personnes ext\u00e9rieures ainsi que des membres de droit (le directeur dioc\u00e9sain, le Pr\u00e9sident de l\u2019UDOGEC et le Pr\u00e9sident de l\u2019APEL). Il est l\u2019organe de direction de l\u2019association.<\/p>\n<p>Le <span style=\"text-decoration: underline;\">Bureau<\/span> est compos\u00e9 de membres \u00e9lus pour trois ans renouvelable et a en charge le fonctionnement administratif, financier et comptable de notre \u00e9cole, dans le respect de la loi, des accords de l\u2019enseignement catholique, et sous le contr\u00f4le du Conseil d\u2019administration.<\/p>\n<p><em><span style=\"text-decoration: underline;\">Missions de l\u2019OGEC<\/span><\/em><\/p>\n<p>*&nbsp;<em>gestion \u00e9conomique<\/em> <em>et financi\u00e8re<\/em>: calcul et suivi du budget, d\u00e9termination des contributions demand\u00e9e aux familles, emploi et suivi des versements \u00e0 la charge de l\u2019Etat et des Collectivit\u00e9s territoriales, paiement des charges de fonctionnement de l\u2019\u00e9tablissement\u2026<\/p>\n<p>*&nbsp;<em>gestion des locaux&nbsp;<\/em>: veille au bon entretien des locaux, \u00e0 leur r\u00e9novation, \u00e0 leur am\u00e9nagement et agrandissement\u2026.<\/p>\n<p>*&nbsp;<em>Gestion sociale&nbsp;<\/em>: employeur du personnel non enseignant<\/p>\n<p>Chaque personne d\u00e9sirant s\u2019investir au sein de cette association peut se pr\u00e9senter lors de l\u2019\u00e9lection du bureau, qui se d\u00e9roule lors de l\u2019Assembl\u00e9e g\u00e9n\u00e9rale qui a lieu une fois par an (novembre ou d\u00e9cembre).<\/p>\n<p><span style=\"color: #000080;\">&nbsp;Voici la composition de l\u2019OGEC de notre \u00e9cole<\/span> <span style=\"color: #000080;\">\u2013 ann\u00e9e 2022\/2023<\/span><\/p>\n<p><span style=\"color: #000080;\"><a href=\"http:\/\/ecole-ste-anne-asserac.fr\/wp-content\/uploads\/2022\/03\/Bureau-OGEC-2021-2022.jpg\"><img loading=\"lazy\" decoding=\"async\" class=\" wp-image-4767 aligncenter\" src=\"http:\/\/ecole-ste-anne-asserac.fr\/wp-content\/uploads\/2022\/03\/Bureau-OGEC-2021-2022-300x240.jpg\" alt=\"\" width=\"413\" height=\"313\"><\/a><\/span><\/p>\n<p style=\"text-align: center;\"><span style=\"color: #000080;\">&nbsp;Pr\u00e9sident<\/span> : M. LAHAYE Charles<\/p>\n<p style=\"text-align: center;\"><span style=\"color: #000080;\">Vice-Pr\u00e9sident<\/span> : Mme BOSC Adeline<\/p>\n<p style=\"text-align: center;\"><span style=\"color: #000080;\">Tr\u00e9sorier<\/span> : Mme THOUAULT Chlo\u00e9<\/p>\n<p style=\"text-align: center;\"><span style=\"color: #000080;\">Vices-tr\u00e9sori\u00e8res<\/span> : Mmes MONVOISIN C\u00e9line et TERRIEN Carmen<\/p>\n<p style=\"text-align: center;\"><span style=\"color: #000080;\">Secr\u00e9taire<\/span> : Mme AVRIL Julie<\/p>\n<p style=\"text-align: center;\"><span style=\"color: #000080;\">Vice-secr\u00e9taire&nbsp;<\/span>: Mme ROBARD Linda<\/p>\n<p style=\"text-align: center;\"><span style=\"color: #000080;\">Membres<\/span> :&nbsp; Mr Beno\u00eet MORGAND, &nbsp;M. JACKSON Mattew<\/p>\n","protected":false},"excerpt":{"rendered":"<p>Qu\u2019est-ce que l\u2019OGEC&nbsp;? L\u2019 OGEC est l\u2019Organisme de Gestion de l\u2019Enseignement Catholique. C\u2019est une association r\u00e9gie par la Loi 1901, \u00e0 but non lucratif et g\u00e9r\u00e9e par des b\u00e9n\u00e9voles. Le Conseil d\u2019administration est compos\u00e9 de parents d\u2019\u00e9l\u00e8ve ou personnes ext\u00e9rieures ainsi que des membres de droit (le directeur dioc\u00e9sain, le Pr\u00e9sident de l\u2019UDOGEC et le<\/p>\n<p><a href=\"https:\/\/ecole-ste-anne-asserac.fr\/?page_id=22\" class=\"more-link themebutton\">Lire la suite<\/a><\/p>\n","protected":false},"author":3,"featured_media":0,"parent":0,"menu_order":0,"comment_status":"closed","ping_status":"closed","template":"","meta":{"ngg_post_thumbnail":0,"footnotes":""},"class_list":["post-22","page","type-page","status-publish","hentry"],"_links":{"self":[{"href":"https:\/\/ecole-ste-anne-asserac.fr\/index.php?rest_route=\/wp\/v2\/pages\/22","targetHints":{"allow":["GET"]}}],"collection":[{"href":"https:\/\/ecole-ste-anne-asserac.fr\/index.php?rest_route=\/wp\/v2\/pages"}],"about":[{"href":"https:\/\/ecole-ste-anne-asserac.fr\/index.php?rest_route=\/wp\/v2\/types\/page"}],"author":[{"embeddable":true,"href":"https:\/\/ecole-ste-anne-asserac.fr\/index.php?rest_route=\/wp\/v2\/users\/3"}],"replies":[{"embeddable":true,"href":"https:\/\/ecole-ste-anne-asserac.fr\/index.php?rest_route=%2Fwp%2Fv2%2Fcomments&post=22"}],"version-history":[{"count":5,"href":"https:\/\/ecole-ste-anne-asserac.fr\/index.php?rest_route=\/wp\/v2\/pages\/22\/revisions"}],"predecessor-version":[{"id":4996,"href":"https:\/\/ecole-ste-anne-asserac.fr\/index.php?rest_route=\/wp\/v2\/pages\/22\/revisions\/4996"}],"wp:attachment":[{"href":"https:\/\/ecole-ste-anne-asserac.fr\/index.php?rest_route=%2Fwp%2Fv2%2Fmedia&parent=22"}],"curies":[{"name":"wp","href":"https:\/\/api.w.org\/{rel}","templated":true}]}}