{"id":309,"date":"2015-05-25T09:44:16","date_gmt":"2015-05-25T08:44:16","guid":{"rendered":"http:\/\/ecole-ste-anne-asserac.fr\/?page_id=309"},"modified":"2023-03-15T14:28:39","modified_gmt":"2023-03-15T13:28:39","slug":"actualites-o-g-ec","status":"publish","type":"page","link":"https:\/\/ecole-ste-anne-asserac.fr\/?page_id=309","title":{"rendered":"Actualit\u00e9s O.G.EC"},"content":{"rendered":"<p><img loading=\"lazy\" decoding=\"async\" class=\"size-medium wp-image-5486 aligncenter\" src=\"http:\/\/ecole-ste-anne-asserac.fr\/wp-content\/uploads\/2023\/03\/IMG_3955-Copie-300x225.jpg\" alt=\"\" width=\"300\" height=\"225\" srcset=\"https:\/\/ecole-ste-anne-asserac.fr\/wp-content\/uploads\/2023\/03\/IMG_3955-Copie-300x225.jpg 300w, https:\/\/ecole-ste-anne-asserac.fr\/wp-content\/uploads\/2023\/03\/IMG_3955-Copie-1024x768.jpg 1024w, https:\/\/ecole-ste-anne-asserac.fr\/wp-content\/uploads\/2023\/03\/IMG_3955-Copie-768x576.jpg 768w, https:\/\/ecole-ste-anne-asserac.fr\/wp-content\/uploads\/2023\/03\/IMG_3955-Copie-600x450.jpg 600w, https:\/\/ecole-ste-anne-asserac.fr\/wp-content\/uploads\/2023\/03\/IMG_3955-Copie-1536x1152.jpg 1536w, https:\/\/ecole-ste-anne-asserac.fr\/wp-content\/uploads\/2023\/03\/IMG_3955-Copie-2048x1536.jpg 2048w\" sizes=\"auto, (max-width: 300px) 100vw, 300px\" \/><\/p>\n<p>Le lundi 30 janvier dernier , avec les \u00e9cole Ste Anne de St Lyphard, Ste Marie de La Chapelle des Marais et Ste Marie d&rsquo;Herbignac, a eu lieu une r\u00e9union inter-OGEC de la CLE des marais pour discuter \u00ab\u00a0\u00e9nergie\u00a0\u00bb et mutualiser les bonnes id\u00e9es.<\/p>\n<p>Suite \u00e0 cet \u00e9change tr\u00e8s int\u00e9ressant, une deuxi\u00e8me rencontre est pr\u00e9vue le 6 avril prochain sur un autre th\u00e8me.<\/p>\n","protected":false},"excerpt":{"rendered":"<p>Le lundi 30 janvier dernier , avec les \u00e9cole Ste Anne de St Lyphard, Ste Marie de La Chapelle des Marais et Ste Marie d&rsquo;Herbignac, a eu lieu une r\u00e9union inter-OGEC de la CLE des marais pour discuter \u00ab\u00a0\u00e9nergie\u00a0\u00bb et mutualiser les bonnes id\u00e9es. Suite \u00e0 cet \u00e9change tr\u00e8s int\u00e9ressant, une deuxi\u00e8me rencontre est pr\u00e9vue<\/p>\n<p><a href=\"https:\/\/ecole-ste-anne-asserac.fr\/?page_id=309\" class=\"more-link themebutton\">Lire la suite<\/a><\/p>\n","protected":false},"author":3,"featured_media":5474,"parent":0,"menu_order":0,"comment_status":"closed","ping_status":"closed","template":"","meta":{"ngg_post_thumbnail":0,"footnotes":""},"class_list":["post-309","page","type-page","status-publish","has-post-thumbnail","hentry"],"_links":{"self":[{"href":"https:\/\/ecole-ste-anne-asserac.fr\/index.php?rest_route=\/wp\/v2\/pages\/309","targetHints":{"allow":["GET"]}}],"collection":[{"href":"https:\/\/ecole-ste-anne-asserac.fr\/index.php?rest_route=\/wp\/v2\/pages"}],"about":[{"href":"https:\/\/ecole-ste-anne-asserac.fr\/index.php?rest_route=\/wp\/v2\/types\/page"}],"author":[{"embeddable":true,"href":"https:\/\/ecole-ste-anne-asserac.fr\/index.php?rest_route=\/wp\/v2\/users\/3"}],"replies":[{"embeddable":true,"href":"https:\/\/ecole-ste-anne-asserac.fr\/index.php?rest_route=%2Fwp%2Fv2%2Fcomments&post=309"}],"version-history":[{"count":3,"href":"https:\/\/ecole-ste-anne-asserac.fr\/index.php?rest_route=\/wp\/v2\/pages\/309\/revisions"}],"predecessor-version":[{"id":5488,"href":"https:\/\/ecole-ste-anne-asserac.fr\/index.php?rest_route=\/wp\/v2\/pages\/309\/revisions\/5488"}],"wp:featuredmedia":[{"embeddable":true,"href":"https:\/\/ecole-ste-anne-asserac.fr\/index.php?rest_route=\/wp\/v2\/media\/5474"}],"wp:attachment":[{"href":"https:\/\/ecole-ste-anne-asserac.fr\/index.php?rest_route=%2Fwp%2Fv2%2Fmedia&parent=309"}],"curies":[{"name":"wp","href":"https:\/\/api.w.org\/{rel}","templated":true}]}}