{"id":38,"date":"2014-10-01T14:47:44","date_gmt":"2014-10-01T13:47:44","guid":{"rendered":"http:\/\/ecole-ste-anne-asserac.fr\/?page_id=38"},"modified":"2022-09-04T17:38:52","modified_gmt":"2022-09-04T15:38:52","slug":"projet-educatif","status":"publish","type":"page","link":"https:\/\/ecole-ste-anne-asserac.fr\/?page_id=38","title":{"rendered":"Projet Educatif"},"content":{"rendered":"<p style=\"text-align: center;\"><strong><em>\u00ab&nbsp; Tu m\u2019apprends le chemin de la Vie.&nbsp;\u00bb<\/em><\/strong><\/p>\n<p style=\"text-align: center;\"><em>( Psaume 16-15 v11 )<\/em><\/p>\n<p><strong>&nbsp;<\/strong>Le 22 Octobre 1910, l\u2019\u00e9cole Sainte Anne ouvrait ses portes pour accueillir les premiers \u00e9l\u00e8ves \u2026 Depuis plus de 100 ans elle fait partie de la vie d\u2019Ass\u00e9rac et de ses habitants. Nombreux sont ceux qu ont t\u00e9moign\u00e9 leur attachement \u00e0 cette \u00e9cole lors des festivit\u00e9s du centenaire&nbsp;!<\/p>\n<p>Une \u00e9cole parmi les 253 que compte le dioc\u00e8se de Loire-Atlantique, mais une \u00e9cole qui se veut \u00ab&nbsp;unique&nbsp;\u00bb pour ceux qui y sont, \u00e0 l\u2019int\u00e9rieur du r\u00e9seau des \u00e9coles de l\u2019Enseignement Catholique de Loire Atlantique.<\/p>\n<p>Nous voulons que notre \u00e9cole soit un lieu o\u00f9 l&rsquo;acquisition du savoir s&rsquo;inscrit dans un projet plus vaste d&rsquo;\u00e9ducation de la personne toute enti\u00e8re, dans un climat de confiance et de dialogue entre tous les partenaires qui forment la communaut\u00e9 \u00e9ducative&nbsp;: enfants, parents, enseignants, personnel, bureaux \u2026<\/p>\n<p><span style=\"text-decoration: underline;\">Ce projet repose sur des valeurs partag\u00e9es<\/span>&nbsp;:<\/p>\n<p>&#8211; Attention port\u00e9e \u00e0 la construction de la Personne<\/p>\n<p>&#8211; Vivre ensemble le mieux possible<\/p>\n<p>&#8211; Oser s&rsquo;engager<\/p>\n<p><strong><em>&nbsp;<\/em><\/strong><strong><em>Pour chacune de ces valeurs list\u00e9es , nous nous sommes donn\u00e9 des objectifs plus pr\u00e9cis,&nbsp;<\/em><\/strong><strong><em>d\u00e9clin\u00e9s lors d&rsquo;actions concr\u00e8tes dans la vie quotidienne des enfants&nbsp;<\/em><\/strong><strong><em>tout au long de l&rsquo;ann\u00e9e, \u00e0 l&rsquo;\u00e9cole Sainte Anne&#8230;<\/em><\/strong><\/p>\n<p><strong><em>&nbsp;<\/em><\/strong><strong>A \u2013 Construire la Personne<\/strong><\/p>\n<p><em>\u00a0\u00bb &nbsp;Se construire demande du temps, de la patience, de la confiance, et de l\u2019humilit\u00e9&nbsp;\u00bb (<\/em><em>Paul RICOEUR)<\/em><\/p>\n<p><em>\u00ab&nbsp;Une personne c\u2019est ce qui ne peut \u00eatre&nbsp;r\u00e9p\u00e9t\u00e9 deux fois&nbsp;\u00bb(&nbsp;<\/em><em>Emmanuel MOUNIER)<\/em><\/p>\n<p><em>\u00ab&nbsp;Je suis les liens que je tisse avec d&rsquo;autres&nbsp;\u00bb (<\/em><em>Albert JACQUARD)<\/em><strong><em>&nbsp; &nbsp; &nbsp; &nbsp; &nbsp; &nbsp; &nbsp; &nbsp; &nbsp; &nbsp; &nbsp; &nbsp; &nbsp; &nbsp; &nbsp; &nbsp; &nbsp; &nbsp; &nbsp; &nbsp; &nbsp; &nbsp; &nbsp; &nbsp; &nbsp; &nbsp; &nbsp; &nbsp; &nbsp; &nbsp; &nbsp; &nbsp; &nbsp; &nbsp; &nbsp; &nbsp; &nbsp; &nbsp; &nbsp; &nbsp; &nbsp; &nbsp; &nbsp; &nbsp; &nbsp; &nbsp; &nbsp; &nbsp; &nbsp; &nbsp; &nbsp; &nbsp; &nbsp; &nbsp; &nbsp;&nbsp;<\/em><\/strong><\/p>\n<p>&#8211; D\u00e9velopper la personnalit\u00e9 de chacun en faisant attention \u00e0 toutes les intelligences &#8211;&nbsp;<em>R\u00e9alisation d&rsquo; un cahier individuel de r\u00e9ussites au fur et \u00e0 mesure de la scolarit\u00e9 de l\u2019enfant<\/em><\/p>\n<p>&#8211; Acqu\u00e9rir des savoirs, des savoir-faire, des savoir-\u00eatre &#8211;&nbsp; &nbsp; &nbsp; &nbsp; &nbsp; &nbsp;<em>Diff\u00e9renciation dans les classes<\/em><\/p>\n<p>&#8211; Participer au d\u00e9veloppement de l&rsquo;autonomie de la Personne &#8211;<em>&nbsp; &nbsp; &nbsp; &nbsp; &nbsp; &nbsp;Prise en compte des besoins et du rythme de chacun, appel \u00e0 l&rsquo;ASH<\/em><\/p>\n<p>&#8211; Vivre le Projet pastoral de l&rsquo;\u00e9cole. Vivre son identit\u00e9 catholique dans le respect et l&rsquo;ouverture. &#8211;<em>D\u00e8s le CE2, choix du parcours de cat\u00e9ch\u00e8se ou de culture chr\u00e9tienne<\/em><\/p>\n<p><strong>B &#8211; Entrer en relation<\/strong><\/p>\n<p>\u00ab&nbsp;Nous vivons dans un monde en sommeil, mais qu&rsquo;un \u00ab&nbsp;tu&nbsp;\u00bb murmure \u00e0 votre oreille et le moi s&rsquo;\u00e9veille par la gr\u00e2ce d&rsquo;un toi. En ce sens on peut dire que c&rsquo;est la rencontre qui nous cr\u00e9e.&nbsp;\u00bb (&nbsp;<em>Gaston BACHELARD )<\/em><\/p>\n<p><em>&nbsp;<\/em>&#8211; Apprendre \u00e0 vivre ensemble &#8211;&nbsp;&nbsp;<em>Ateliers multi-\u00e2ges, \u00e9changes inter-classes, lien avec les associations de la commune et la paroisse &#8211;<\/em><em>&nbsp; &nbsp; &nbsp; &nbsp; &nbsp; &nbsp;Echange de pratiques, d&rsquo;outils, de comp\u00e9tences en cycles dans l&rsquo;\u00e9cole<\/em><\/p>\n<p>&#8211; Prendre en compte la Parole de chacun &#8211;&nbsp;<em> Assembl\u00e9e d&rsquo;enfants de cycles ou d&rsquo;\u00e9cole, r\u00e9gulations entre enfants\/adultes, d\u00e9cisions sur la vie de l\u2019\u00e9cole dans les bureaux de parents , rencontres parents\/enseignants, \u00e9lection de d\u00e9l\u00e9gu\u00e9s dans les classes qui relaieront aupr\u00e8s de la Municipalit\u00e9 les attentes ( conseil des jeunes )<a href=\"http:\/\/ecole-ste-anne-asserac.fr\/wp-content\/uploads\/2014\/10\/IMG_1803.jpg\"><img loading=\"lazy\" decoding=\"async\" class=\"aligncenter size-medium wp-image-81\" src=\"http:\/\/ecole-ste-anne-asserac.fr\/wp-content\/uploads\/2014\/10\/IMG_1803-300x225.jpg\" alt=\"IMG_1803\" width=\"300\" height=\"225\" srcset=\"https:\/\/ecole-ste-anne-asserac.fr\/wp-content\/uploads\/2014\/10\/IMG_1803-300x225.jpg 300w, https:\/\/ecole-ste-anne-asserac.fr\/wp-content\/uploads\/2014\/10\/IMG_1803-600x450.jpg 600w, https:\/\/ecole-ste-anne-asserac.fr\/wp-content\/uploads\/2014\/10\/IMG_1803.jpg 1024w\" sizes=\"auto, (max-width: 300px) 100vw, 300px\" \/><\/a><\/em><\/p>\n<p>&#8211; Mettre en place la C.L.E (Communaut\u00e9 Locale d&rsquo; Etablissements )-&nbsp;&nbsp; &nbsp; &nbsp; &nbsp; &nbsp;<em>&nbsp;Echange de pratiques, de comp\u00e9tences en r\u00e9seau \u00e9coles\/coll\u00e8ge\/lyc\u00e9e d&rsquo;un m\u00eame secteur &nbsp;<\/em><\/p>\n<p><strong>C \u2013 S&rsquo;ouvrir au Monde<\/strong><\/p>\n<p><em>\u00a0\u00bb Nul ne peut \u00e9duquer s&rsquo;il d\u00e9sesp\u00e8re de l&rsquo;Autre&nbsp;\u00bb (<\/em><em>Alain THOMASSET )<\/em><\/p>\n<div id=\"attachment_83\" style=\"width: 310px\" class=\"wp-caption aligncenter\"><a href=\"http:\/\/ecole-ste-anne-asserac.fr\/wp-content\/uploads\/2014\/10\/photo-groupe-arts-mer.jpg\"><img loading=\"lazy\" decoding=\"async\" aria-describedby=\"caption-attachment-83\" class=\"wp-image-83 size-medium\" src=\"http:\/\/ecole-ste-anne-asserac.fr\/wp-content\/uploads\/2014\/10\/photo-groupe-arts-mer-300x225.jpg\" alt=\"photo groupe arts mer\" width=\"300\" height=\"225\" srcset=\"https:\/\/ecole-ste-anne-asserac.fr\/wp-content\/uploads\/2014\/10\/photo-groupe-arts-mer-300x225.jpg 300w, https:\/\/ecole-ste-anne-asserac.fr\/wp-content\/uploads\/2014\/10\/photo-groupe-arts-mer-600x450.jpg 600w, https:\/\/ecole-ste-anne-asserac.fr\/wp-content\/uploads\/2014\/10\/photo-groupe-arts-mer.jpg 1024w\" sizes=\"auto, (max-width: 300px) 100vw, 300px\" \/><\/a><p id=\"caption-attachment-83\" class=\"wp-caption-text\">Classe d\u00e9couverte Cycle 2 &#8211; Ile Tudy<\/p><\/div>\n<div id=\"attachment_85\" style=\"width: 310px\" class=\"wp-caption aligncenter\"><a href=\"http:\/\/ecole-ste-anne-asserac.fr\/wp-content\/uploads\/2014\/10\/Mardi-28-f\u00e9vrier-080.jpg\"><img loading=\"lazy\" decoding=\"async\" aria-describedby=\"caption-attachment-85\" class=\"wp-image-85 size-medium\" src=\"http:\/\/ecole-ste-anne-asserac.fr\/wp-content\/uploads\/2014\/10\/Mardi-28-f\u00e9vrier-080-300x225.jpg\" alt=\"Mardi 28 f\u00e9vrier 080\" width=\"300\" height=\"225\" srcset=\"https:\/\/ecole-ste-anne-asserac.fr\/wp-content\/uploads\/2014\/10\/Mardi-28-f\u00e9vrier-080-300x225.jpg 300w, https:\/\/ecole-ste-anne-asserac.fr\/wp-content\/uploads\/2014\/10\/Mardi-28-f\u00e9vrier-080-600x450.jpg 600w, https:\/\/ecole-ste-anne-asserac.fr\/wp-content\/uploads\/2014\/10\/Mardi-28-f\u00e9vrier-080.jpg 1024w\" sizes=\"auto, (max-width: 300px) 100vw, 300px\" \/><\/a><p id=\"caption-attachment-85\" class=\"wp-caption-text\">classe d\u00e9couverte cycle3 &#8211; Belle \u00eele en mer<\/p><\/div>\n<p>&#8211; Vivre une dimension communautaire au-del\u00e0 de la vie de l&rsquo;\u00e9cole<\/p>\n<p>&#8211; <em>D\u00e9couverte de milieux, organisation de classes d\u00e9couvertes, de sorties sur le terrain <\/em><\/p>\n<p><em>&#8211;<\/em><em>&nbsp; Invitation et rencontre des acteurs des projets d&rsquo;ann\u00e9e li\u00e9s au Projet d&rsquo;\u00e9cole d\u00e9clin\u00e9 sur 3 ans et sensibilisation aux diff\u00e9rences<\/em><\/p>\n<p>&#8211; Proposer des th\u00e8mes de r\u00e9flexions aux enfants et aux parents<\/p>\n<p>&#8211;<em>Mise en place de conf\u00e9rences, de d\u00e9bats au sein de l&rsquo;\u00e9cole<a href=\"http:\/\/ecole-ste-anne-asserac.fr\/wp-content\/uploads\/2014\/10\/conf\u00e9rence-5.jpg\"><img loading=\"lazy\" decoding=\"async\" class=\"aligncenter size-medium wp-image-82\" src=\"http:\/\/ecole-ste-anne-asserac.fr\/wp-content\/uploads\/2014\/10\/conf\u00e9rence-5-300x225.jpg\" alt=\"conf\u00e9rence 5\" width=\"300\" height=\"225\" srcset=\"https:\/\/ecole-ste-anne-asserac.fr\/wp-content\/uploads\/2014\/10\/conf\u00e9rence-5-300x225.jpg 300w, https:\/\/ecole-ste-anne-asserac.fr\/wp-content\/uploads\/2014\/10\/conf\u00e9rence-5.jpg 340w\" sizes=\"auto, (max-width: 300px) 100vw, 300px\" \/><\/a><\/em><\/p>\n<p>D<strong>&nbsp;\u2013 S&rsquo;engager pour construire le Monde<\/strong><\/p>\n<p>\u00ab\u00a0<strong><em>&nbsp;I<\/em><\/strong><em>l n\u2019y a pas d\u2019un c\u00f4t\u00e9 l\u2019Homme et de l\u2019autre la Nature. Il y a la Nature. Toucher \u00e0 la Nature, c\u2019est atteindre l\u2019Homme. <\/em><em>Respecter la Nature est une attitude parfaitement humaniste.&nbsp;\u00bb (N<\/em><em>icolas HULOT)<\/em><\/p>\n<p>&#8211; S&rsquo;engager aupr\u00e8s de l&rsquo;Autre&nbsp;: respect, empathie, \u00e9coute, solidarit\u00e9 &#8211;<em>Vivre des moments de partage, des discussions sur des sujets difficiles dans les \u00e9quipes de cat\u00e9ch\u00e8se ou d&rsquo;\u00e9veil \u00e0 la Foi<\/em><\/p>\n<p>&#8211; Sensibiliser les enfants et la communaut\u00e9 \u00e9ducative au d\u00e9veloppement durable &#8211;&nbsp;<em>Tri des d\u00e9chets<\/em><\/p>\n<p>&#8211; Donner du sens aux apprentissages en r\u00e9alisant collectivement des projets ou actions. &#8211;<em>Amorcer, vivre et aller au bout des projets<\/em><\/p>\n<p>&#8211; Participer en tant que parent \u00e0 la vie de l\u2019\u00e9cole<em>&nbsp;:- M<\/em><em>atin\u00e9e travaux, festivit\u00e9s, engagement dans les bureaux\u2026<\/em><\/p>\n","protected":false},"excerpt":{"rendered":"<p>\u00ab&nbsp; Tu m\u2019apprends le chemin de la Vie.&nbsp;\u00bb ( Psaume 16-15 v11 ) &nbsp;Le 22 Octobre 1910, l\u2019\u00e9cole Sainte Anne ouvrait ses portes pour accueillir les premiers \u00e9l\u00e8ves \u2026 Depuis plus de 100 ans elle fait partie de la vie d\u2019Ass\u00e9rac et de ses habitants. Nombreux sont ceux qu ont t\u00e9moign\u00e9 leur attachement \u00e0 cette<\/p>\n<p><a href=\"https:\/\/ecole-ste-anne-asserac.fr\/?page_id=38\" class=\"more-link themebutton\">Lire la suite<\/a><\/p>\n","protected":false},"author":3,"featured_media":0,"parent":0,"menu_order":0,"comment_status":"closed","ping_status":"closed","template":"","meta":{"ngg_post_thumbnail":0,"footnotes":""},"class_list":["post-38","page","type-page","status-publish","hentry"],"_links":{"self":[{"href":"https:\/\/ecole-ste-anne-asserac.fr\/index.php?rest_route=\/wp\/v2\/pages\/38","targetHints":{"allow":["GET"]}}],"collection":[{"href":"https:\/\/ecole-ste-anne-asserac.fr\/index.php?rest_route=\/wp\/v2\/pages"}],"about":[{"href":"https:\/\/ecole-ste-anne-asserac.fr\/index.php?rest_route=\/wp\/v2\/types\/page"}],"author":[{"embeddable":true,"href":"https:\/\/ecole-ste-anne-asserac.fr\/index.php?rest_route=\/wp\/v2\/users\/3"}],"replies":[{"embeddable":true,"href":"https:\/\/ecole-ste-anne-asserac.fr\/index.php?rest_route=%2Fwp%2Fv2%2Fcomments&post=38"}],"version-history":[{"count":1,"href":"https:\/\/ecole-ste-anne-asserac.fr\/index.php?rest_route=\/wp\/v2\/pages\/38\/revisions"}],"predecessor-version":[{"id":4998,"href":"https:\/\/ecole-ste-anne-asserac.fr\/index.php?rest_route=\/wp\/v2\/pages\/38\/revisions\/4998"}],"wp:attachment":[{"href":"https:\/\/ecole-ste-anne-asserac.fr\/index.php?rest_route=%2Fwp%2Fv2%2Fmedia&parent=38"}],"curies":[{"name":"wp","href":"https:\/\/api.w.org\/{rel}","templated":true}]}}