{"id":4206,"date":"2021-06-05T22:08:47","date_gmt":"2021-06-05T21:08:47","guid":{"rendered":"http:\/\/ecole-ste-anne-asserac.fr\/?page_id=4206"},"modified":"2023-07-20T10:32:12","modified_gmt":"2023-07-20T08:32:12","slug":"label-euroscol","status":"publish","type":"page","link":"https:\/\/ecole-ste-anne-asserac.fr\/?page_id=4206","title":{"rendered":"Label Euroscol"},"content":{"rendered":"<p>Le 7 juillet 2019, l\u2019\u00e9cole Ste Anne s\u2019est vue remettre le label Euroscol par Monsieur William Marois, Recteur de l\u2019Acad\u00e9mie de Nantes. Ce jour-l\u00e0, 4 \u00e9coles primaires seulement dans l\u2019Acad\u00e9mie ( 1 de Sarthe et 3 de Loire-Atlantique ) ont \u00e9t\u00e9 r\u00e9compens\u00e9es\u2026.<\/p>\n<p><a href=\"http:\/\/ecole-ste-anne-asserac.fr\/wp-content\/uploads\/2019\/09\/Euroscol-logo.jpg\"><img loading=\"lazy\" decoding=\"async\" class=\"aligncenter size-medium wp-image-3235\" src=\"http:\/\/ecole-ste-anne-asserac.fr\/wp-content\/uploads\/2019\/09\/Euroscol-logo-300x141.jpg\" sizes=\"auto, (max-width: 300px) 100vw, 300px\" srcset=\"https:\/\/ecole-ste-anne-asserac.fr\/wp-content\/uploads\/2019\/09\/Euroscol-logo-300x141.jpg 300w, https:\/\/ecole-ste-anne-asserac.fr\/wp-content\/uploads\/2019\/09\/Euroscol-logo.jpg 590w\" alt=\"\" width=\"300\" height=\"141\"><\/a><\/p>\n<p>Ce&nbsp;<b>label<\/b>&nbsp;s\u2019adresse aux \u00e9coles et aux \u00e9tablissements scolaires de l\u2019enseignement public ou priv\u00e9 sous contrat&nbsp;qui&nbsp;souhaitent faire de l\u2019ouverture sur l\u2019Europe un levier strat\u00e9gique au service de la r\u00e9ussite de tous les \u00e9l\u00e8ves, de leur mobilit\u00e9 et du renforcement de l\u2019apprentissage des langues.<\/p>\n<p>Le label &nbsp;\u00bb Euroscol&nbsp;\u00bb s\u2019appuie sur les activit\u00e9s d\u00e9j\u00e0 mises en place par les acad\u00e9mies, les \u00e9tablissements scolaires, en partenariat avec la communaut\u00e9 \u00e9ducative, les collectivit\u00e9s territoriales et les associations. Il se d\u00e9cline en 7 th\u00e9matiques cibl\u00e9es seulement sur l\u2019Europe&nbsp; : Strat\u00e9gie, pilotage et \u00e9valuation ; communication et valorisation; partenariats; d\u00e9veloppement de comp\u00e9tences linguistiques; mobilit\u00e9s des personnels \u00e9ducatifs; actions p\u00e9dagogiques et interculturelles; mobilit\u00e9s d\u2019\u00e9l\u00e8ves.<\/p>\n<p><img loading=\"lazy\" decoding=\"async\" class=\"aligncenter size-medium wp-image-3236\" src=\"http:\/\/ecole-ste-anne-asserac.fr\/wp-content\/uploads\/2019\/09\/Remise-label-Euroscol-300x225.jpg\" sizes=\"auto, (max-width: 300px) 100vw, 300px\" srcset=\"https:\/\/ecole-ste-anne-asserac.fr\/wp-content\/uploads\/2019\/09\/Remise-label-Euroscol-300x225.jpg 300w, https:\/\/ecole-ste-anne-asserac.fr\/wp-content\/uploads\/2019\/09\/Remise-label-Euroscol-768x576.jpg 768w, https:\/\/ecole-ste-anne-asserac.fr\/wp-content\/uploads\/2019\/09\/Remise-label-Euroscol-1024x768.jpg 1024w, https:\/\/ecole-ste-anne-asserac.fr\/wp-content\/uploads\/2019\/09\/Remise-label-Euroscol-600x450.jpg 600w, https:\/\/ecole-ste-anne-asserac.fr\/wp-content\/uploads\/2019\/09\/Remise-label-Euroscol.jpg 1280w\" alt=\"\" width=\"300\" height=\"225\"><\/p>\n<p>Ce label nous a \u00e9t\u00e9 d\u00e9livr\u00e9 par le recteur, Monsieur William Marois,&nbsp; pour une dur\u00e9e initiale de 3 ans sur proposition d\u2019une commission acad\u00e9mique.<img loading=\"lazy\" decoding=\"async\" class=\"aligncenter size-medium wp-image-3369\" src=\"http:\/\/ecole-ste-anne-asserac.fr\/wp-content\/uploads\/2019\/10\/DSC_0059-300x200.jpg\" sizes=\"auto, (max-width: 300px) 100vw, 300px\" srcset=\"https:\/\/ecole-ste-anne-asserac.fr\/wp-content\/uploads\/2019\/10\/DSC_0059-300x200.jpg 300w, https:\/\/ecole-ste-anne-asserac.fr\/wp-content\/uploads\/2019\/10\/DSC_0059-768x511.jpg 768w, https:\/\/ecole-ste-anne-asserac.fr\/wp-content\/uploads\/2019\/10\/DSC_0059-1024x681.jpg 1024w, https:\/\/ecole-ste-anne-asserac.fr\/wp-content\/uploads\/2019\/10\/DSC_0059-600x399.jpg 600w, https:\/\/ecole-ste-anne-asserac.fr\/wp-content\/uploads\/2019\/10\/DSC_0059.jpg 1920w\" alt=\"\" width=\"300\" height=\"200\"><\/p>\n<p>&nbsp;<\/p>\n<p>Juin 2023 , l&rsquo;Ecole Ste Anne se voit remettre par le rectorat la plaque du label Euroscol, niveau \u00a0\u00bb Expertise \u00a0\u00bb cette fois :<\/p>\n<p><a href=\"http:\/\/ecole-ste-anne-asserac.fr\/wp-content\/uploads\/2023\/07\/IMG_17421.jpg\"><img loading=\"lazy\" decoding=\"async\" class=\"alignnone size-medium wp-image-5806\" src=\"http:\/\/ecole-ste-anne-asserac.fr\/wp-content\/uploads\/2023\/07\/IMG_17421-225x300.jpg\" alt=\"\" width=\"225\" height=\"300\" srcset=\"https:\/\/ecole-ste-anne-asserac.fr\/wp-content\/uploads\/2023\/07\/IMG_17421-225x300.jpg 225w, https:\/\/ecole-ste-anne-asserac.fr\/wp-content\/uploads\/2023\/07\/IMG_17421-768x1024.jpg 768w, https:\/\/ecole-ste-anne-asserac.fr\/wp-content\/uploads\/2023\/07\/IMG_17421-600x800.jpg 600w, https:\/\/ecole-ste-anne-asserac.fr\/wp-content\/uploads\/2023\/07\/IMG_17421.jpg 960w\" sizes=\"auto, (max-width: 225px) 100vw, 225px\" \/><\/a> <img loading=\"lazy\" decoding=\"async\" class=\"alignnone size-medium wp-image-5805\" src=\"http:\/\/ecole-ste-anne-asserac.fr\/wp-content\/uploads\/2023\/07\/IMG_17441-225x300.jpg\" alt=\"\" width=\"225\" height=\"300\" srcset=\"https:\/\/ecole-ste-anne-asserac.fr\/wp-content\/uploads\/2023\/07\/IMG_17441-225x300.jpg 225w, https:\/\/ecole-ste-anne-asserac.fr\/wp-content\/uploads\/2023\/07\/IMG_17441-768x1024.jpg 768w, https:\/\/ecole-ste-anne-asserac.fr\/wp-content\/uploads\/2023\/07\/IMG_17441-600x800.jpg 600w, https:\/\/ecole-ste-anne-asserac.fr\/wp-content\/uploads\/2023\/07\/IMG_17441-1152x1536.jpg 1152w, https:\/\/ecole-ste-anne-asserac.fr\/wp-content\/uploads\/2023\/07\/IMG_17441.jpg 1536w\" sizes=\"auto, (max-width: 225px) 100vw, 225px\" \/><\/p>\n<p>&nbsp;<\/p>\n<p>A nous de le faire vivre une fois encore !<\/p>\n","protected":false},"excerpt":{"rendered":"<p>Le 7 juillet 2019, l\u2019\u00e9cole Ste Anne s\u2019est vue remettre le label Euroscol par Monsieur William Marois, Recteur de l\u2019Acad\u00e9mie de Nantes. Ce jour-l\u00e0, 4 \u00e9coles primaires seulement dans l\u2019Acad\u00e9mie ( 1 de Sarthe et 3 de Loire-Atlantique ) ont \u00e9t\u00e9 r\u00e9compens\u00e9es\u2026. Ce&nbsp;label&nbsp;s\u2019adresse aux \u00e9coles et aux \u00e9tablissements scolaires de l\u2019enseignement public ou priv\u00e9 sous<\/p>\n<p><a href=\"https:\/\/ecole-ste-anne-asserac.fr\/?page_id=4206\" class=\"more-link themebutton\">Lire la suite<\/a><\/p>\n","protected":false},"author":3,"featured_media":0,"parent":2765,"menu_order":0,"comment_status":"closed","ping_status":"closed","template":"","meta":{"ngg_post_thumbnail":0,"footnotes":""},"class_list":["post-4206","page","type-page","status-publish","hentry"],"_links":{"self":[{"href":"https:\/\/ecole-ste-anne-asserac.fr\/index.php?rest_route=\/wp\/v2\/pages\/4206","targetHints":{"allow":["GET"]}}],"collection":[{"href":"https:\/\/ecole-ste-anne-asserac.fr\/index.php?rest_route=\/wp\/v2\/pages"}],"about":[{"href":"https:\/\/ecole-ste-anne-asserac.fr\/index.php?rest_route=\/wp\/v2\/types\/page"}],"author":[{"embeddable":true,"href":"https:\/\/ecole-ste-anne-asserac.fr\/index.php?rest_route=\/wp\/v2\/users\/3"}],"replies":[{"embeddable":true,"href":"https:\/\/ecole-ste-anne-asserac.fr\/index.php?rest_route=%2Fwp%2Fv2%2Fcomments&post=4206"}],"version-history":[{"count":7,"href":"https:\/\/ecole-ste-anne-asserac.fr\/index.php?rest_route=\/wp\/v2\/pages\/4206\/revisions"}],"predecessor-version":[{"id":5822,"href":"https:\/\/ecole-ste-anne-asserac.fr\/index.php?rest_route=\/wp\/v2\/pages\/4206\/revisions\/5822"}],"up":[{"embeddable":true,"href":"https:\/\/ecole-ste-anne-asserac.fr\/index.php?rest_route=\/wp\/v2\/pages\/2765"}],"wp:attachment":[{"href":"https:\/\/ecole-ste-anne-asserac.fr\/index.php?rest_route=%2Fwp%2Fv2%2Fmedia&parent=4206"}],"curies":[{"name":"wp","href":"https:\/\/api.w.org\/{rel}","templated":true}]}}