{"id":44,"date":"2014-10-01T14:48:29","date_gmt":"2014-10-01T13:48:29","guid":{"rendered":"http:\/\/ecole-ste-anne-asserac.fr\/?page_id=44"},"modified":"2025-09-01T16:21:46","modified_gmt":"2025-09-01T14:21:46","slug":"projet-pedagogique","status":"publish","type":"page","link":"https:\/\/ecole-ste-anne-asserac.fr\/?page_id=44","title":{"rendered":"Projet p\u00e9dagogique"},"content":{"rendered":"<p>Nous avons constat\u00e9 dans les classes que :<\/p>\n<ul>\n<li><span style=\"font-family: Arial, sans-serif;\">Les enfants ne savent pas apprendre \u00ab par coeur \u00bb&nbsp;<\/span><\/li>\n<li><span style=\"font-family: Arial, sans-serif;\">Les r\u00e9sultats des \u00e9valuations nationales (analyse avec Archipel) montrent des faiblesses&nbsp; pour m\u00e9moriser des faits num\u00e9riques et des proc\u00e9dures, ainsi que m\u00e9moriser les temps de conjugaison<\/span><\/li>\n<li><span style=\"font-family: Arial, sans-serif;\">Les enfants ne donnent pas de sens lorsqu&rsquo;ils apprennent pas c\u0153ur, et cela emp\u00eache le r\u00e9investissement de la notion (ex : les conjonctions de coordination \u2013 ils les connaissent par c\u0153ur mais ne savent pas les reconna\u00eetre lors des analyses de phrases)<\/span><\/li>\n<li><span style=\"font-family: Arial, sans-serif;\">Certains enfants arrivent fatigu\u00e9s en classe<\/span><\/li>\n<\/ul>\n<p>&nbsp;<\/p>\n<p>Aussi nous avons d\u00e9cid\u00e9 de r\u00e9agir !!! De Septembre 202 \u00e0 Juin 2028 , dans toutes les classes de l&rsquo;\u00e9cole Sainte Anne sera travaill\u00e9 un nouveau Projet d&rsquo;\u00e9cole :<\/p>\n<p style=\"text-align: center;\"><strong>\u00ab\u00a0Construire sa m\u00e9moire pour construire ses savoirs \u00ab\u00a0<\/strong><\/p>\n<p><span style=\"font-family: Arial, sans-serif;\">Nous allons essayer de d\u00e9velopper chez les \u00e9l\u00e8ves des <strong>strat\u00e9gies de m\u00e9morisation<\/strong> efficaces, durables et adapt\u00e9es \u00e0 leur \u00e2ge, en mobilisant diff\u00e9rents types de m\u00e9moire (visuelle, auditive, kinesth\u00e9sique, affective, etc.) dans des situations vari\u00e9es.<\/span><\/p>\n<p>Durant l&rsquo;ann\u00e9e scolaire 2025-2026, l&rsquo;axe suivant va \u00eatre d\u00e9clin\u00e9 :<strong> \u00ab\u00a0<\/strong>D\u00e9couvrir et apprendre \u00e0 m\u00e9moriser\u00a0\u00bb. Ce sera l&rsquo;occasion pour les enfants de d\u00e9couvrir ou red\u00e9couvrir comment fonctionne notre cerveau, quelles sont les techniques pour m\u00e9moriser.<\/p>\n<p>Tout au long de l&rsquo;ann\u00e9e , les articles publi\u00e9s dans les diff\u00e9rentes classes montreront les activit\u00e9s propos\u00e9es aux enfants.<\/p>\n<p style=\"text-align: center;\">****<\/p>\n<p>En 2026-2027, les activit\u00e9s en classe seront ax\u00e9es sur l&rsquo;optimisation de notre m\u00e9moire.<\/p>\n<p style=\"text-align: center;\">****<\/p>\n<p>Enfin, en 2027-2028 nous travaillerons la transmission.<\/p>\n<p>&nbsp;<\/p>\n<p>Tout au long de l&rsquo;ann\u00e9e , les articles publi\u00e9s dans les diff\u00e9rentes classes montreront les activit\u00e9s propos\u00e9es aux enfants.<\/p>\n","protected":false},"excerpt":{"rendered":"<p>Nous avons constat\u00e9 dans les classes que : Les enfants ne savent pas apprendre \u00ab par coeur \u00bb&nbsp; Les r\u00e9sultats des \u00e9valuations nationales (analyse avec Archipel) montrent des faiblesses&nbsp; pour m\u00e9moriser des faits num\u00e9riques et des proc\u00e9dures, ainsi que m\u00e9moriser les temps de conjugaison Les enfants ne donnent pas de sens lorsqu&rsquo;ils apprennent pas c\u0153ur,<\/p>\n<p><a href=\"https:\/\/ecole-ste-anne-asserac.fr\/?page_id=44\" class=\"more-link themebutton\">Lire la suite<\/a><\/p>\n","protected":false},"author":3,"featured_media":0,"parent":0,"menu_order":0,"comment_status":"closed","ping_status":"closed","template":"","meta":{"ngg_post_thumbnail":0,"footnotes":""},"class_list":["post-44","page","type-page","status-publish","hentry"],"_links":{"self":[{"href":"https:\/\/ecole-ste-anne-asserac.fr\/index.php?rest_route=\/wp\/v2\/pages\/44","targetHints":{"allow":["GET"]}}],"collection":[{"href":"https:\/\/ecole-ste-anne-asserac.fr\/index.php?rest_route=\/wp\/v2\/pages"}],"about":[{"href":"https:\/\/ecole-ste-anne-asserac.fr\/index.php?rest_route=\/wp\/v2\/types\/page"}],"author":[{"embeddable":true,"href":"https:\/\/ecole-ste-anne-asserac.fr\/index.php?rest_route=\/wp\/v2\/users\/3"}],"replies":[{"embeddable":true,"href":"https:\/\/ecole-ste-anne-asserac.fr\/index.php?rest_route=%2Fwp%2Fv2%2Fcomments&post=44"}],"version-history":[{"count":9,"href":"https:\/\/ecole-ste-anne-asserac.fr\/index.php?rest_route=\/wp\/v2\/pages\/44\/revisions"}],"predecessor-version":[{"id":3308,"href":"https:\/\/ecole-ste-anne-asserac.fr\/index.php?rest_route=\/wp\/v2\/pages\/44\/revisions\/3308"}],"wp:attachment":[{"href":"https:\/\/ecole-ste-anne-asserac.fr\/index.php?rest_route=%2Fwp%2Fv2%2Fmedia&parent=44"}],"curies":[{"name":"wp","href":"https:\/\/api.w.org\/{rel}","templated":true}]}}