{"id":91,"date":"2014-10-25T12:57:19","date_gmt":"2014-10-25T11:57:19","guid":{"rendered":"http:\/\/ecole-ste-anne-asserac.fr\/?page_id=91"},"modified":"2024-01-22T14:12:36","modified_gmt":"2024-01-22T13:12:36","slug":"historique","status":"publish","type":"page","link":"https:\/\/ecole-ste-anne-asserac.fr\/?page_id=91","title":{"rendered":"Historique &#8230;"},"content":{"rendered":"<p>14 Octobre 1910\u2026 pour la premi\u00e8re fois les petites filles d\u2019Ass\u00e9rac sont accueillies dans 2 classes \u00e0 l\u2019\u00e9cole Sainte Anne, rue du calvaire \u2026.<\/p>\n<p>La Congr\u00e9gation des Filles du Saint Esprit de Saint Brieuc \u00e9tait pr\u00e9sente depuis 1859 dans la commune, et les religieuses faisaient classe \u00e0 l\u2019\u00e9cole du Couvent. Mais la Loi Goblet de 1886 avait d\u00e9cid\u00e9 la la\u00efcisation du personnel enseignant. Elles ne pouvaient donc plus continuer&nbsp;\u00e0 assurer les cours de l\u2019\u00e9cole communale\u2026..<\/p>\n<p>Sous l\u2019impulsion de l\u2019abb\u00e9 MESNARD, cur\u00e9 d&rsquo;Ass\u00e9rac, de la volont\u00e9 de parents qui souhaitaient que leurs enfants continuent \u00e0 recevoir une \u00e9ducation donn\u00e9e par des religieuses, et gr\u00e2ce \u00e0 de g\u00e9n\u00e9reux donateurs, la cr\u00e9ation de l\u2019\u00e9cole, d\u00e9di\u00e9e \u00e0 Sainte Anne, fut d\u00e9cid\u00e9e rapidement.<\/p>\n<p>D\u2019apr\u00e8s le registre du personnel, l\u2019\u00e9cole s\u2019ouvre donc le 14 Octobre 1910 avec mademoiselle Marie PECHARD comme premi\u00e8re directrice, elle n\u2019en partira qu\u2019en 1960&nbsp;!<\/p>\n<p>Pendant la Seconde Guerre Mondiale, les troupes allemandes occupent l\u2019\u00e9cole. Les enfants retournent donc en classe au Couvent des S\u0153urs, de l\u2019autre c\u00f4t\u00e9 de la route. A la fin de la guerre, il faudra remettre en \u00e9tat les locaux&nbsp;! La premi\u00e8re rentr\u00e9e d\u2019apr\u00e8s-guerre voit \u00e9galement un changement&nbsp;dans la direction de l\u2019\u00e9cole : Melle P\u00e9chard est devenue S\u0153ur Saint Jean C\u00e9lestin \u2026..Valentine Kermasson , ancienne \u00e9l\u00e8ve et &nbsp; maintenant enseignante, est nomm\u00e9e \u00e0 Ass\u00e9rac&nbsp;; elle aura la classe des plus petites. Elle restera 14 ans , jusqu\u2019en 1953&nbsp;. L\u2019\u00e9cole compte alors une centaine d\u2019\u00e9l\u00e8ves .<\/p>\n<p>Les directrices qui vont succ\u00e9der \u00e0 Marie P\u00e9chard vont \u00eatre des religieuses&nbsp;de la m\u00eame congr\u00e9gation : S\u0153ur Marguerite , S\u0153ur Andr\u00e9e \u2026.. C\u2019est \u00e0 ce moment que la mixit\u00e9 est introduite dans les classes \u00e0 Ass\u00e9rac. Les gar\u00e7ons de l\u2019\u00e9cole du Sacr\u00e9 C\u0153ur rejoignent les filles en ces lieux.<\/p>\n<p>Vinrent ensuite les directrices S\u0153ur Odile et S\u0153ur Marie-Pierre &nbsp;: Au cours de ces ann\u00e9es, l\u2019\u00e9cole s\u2019est agrandie&nbsp;\u2026. Les enfants \u00e9tant accueillis plus jeunes, il a fallu construire la classe maternelle et la salle polyvalente. Les enseignantes aussi se succ\u00e8dent&nbsp;; pour le centenaire de l\u2019\u00e9cole, certaines d\u2019entre elles sont venues t\u00e9moigner aupr\u00e8s des enfants de leur travail, Mmes FERRE, LECORNO, DALINO\u2026<\/p>\n<p>En 1993, Monsieur Benoit NICOL, prend la direction de l\u2019\u00e9cole. Ce sera le seul directeur \u00e0 l\u2019\u00e9cole Ste Anne de ce si\u00e8cle&nbsp;! De 1996 \u00e0 2001, l\u2019\u00e9cole est dirig\u00e9e par Betty NORMAND, d\u00e9j\u00e0 enseignante en maternelle dans l\u2019\u00e9cole&nbsp;; puis par Anne SIGOIGNET pour un an.<\/p>\n<p>L\u2019effectif des enfants ne cessant d\u2019augmenter, une 4<sup>\u00e8me<\/sup> classe est ouverte en 2005, puis une 5<sup>\u00e8me<\/sup> en 2007 , et enfin une 6\u00e8me en 2011\u2026..&nbsp;A la r\u00e9union de la&nbsp; carte scolaire du 17 Juin 2016, l&rsquo;Acad\u00e9mie prend la d\u00e9cision de fermer une classe de maternelle ; l&rsquo;\u00e9cole Ste Anne passe ainsi de 6 \u00e0 5 classes.<\/p>\n<p>C&rsquo;est ainsi que depuis 22 ans cette ann\u00e9e, j\u2019ai le plaisir d\u2019\u00eatre directrice parmi vous. Les projets se succ\u00e8dent et des r\u00e9alisations voient le jour gr\u00e2ce \u00e0 la mobilisation compl\u00e9mentaire de tous : enseignantes, parents, municipalit\u00e9 \u2026. sans oublier les enfants !<\/p>\n","protected":false},"excerpt":{"rendered":"<p>14 Octobre 1910\u2026 pour la premi\u00e8re fois les petites filles d\u2019Ass\u00e9rac sont accueillies dans 2 classes \u00e0 l\u2019\u00e9cole Sainte Anne, rue du calvaire \u2026. La Congr\u00e9gation des Filles du Saint Esprit de Saint Brieuc \u00e9tait pr\u00e9sente depuis 1859 dans la commune, et les religieuses faisaient classe \u00e0 l\u2019\u00e9cole du Couvent. Mais la Loi Goblet de<\/p>\n<p><a href=\"https:\/\/ecole-ste-anne-asserac.fr\/?page_id=91\" class=\"more-link themebutton\">Lire la suite<\/a><\/p>\n","protected":false},"author":3,"featured_media":0,"parent":0,"menu_order":0,"comment_status":"closed","ping_status":"closed","template":"","meta":{"ngg_post_thumbnail":0,"footnotes":""},"class_list":["post-91","page","type-page","status-publish","hentry"],"_links":{"self":[{"href":"https:\/\/ecole-ste-anne-asserac.fr\/index.php?rest_route=\/wp\/v2\/pages\/91","targetHints":{"allow":["GET"]}}],"collection":[{"href":"https:\/\/ecole-ste-anne-asserac.fr\/index.php?rest_route=\/wp\/v2\/pages"}],"about":[{"href":"https:\/\/ecole-ste-anne-asserac.fr\/index.php?rest_route=\/wp\/v2\/types\/page"}],"author":[{"embeddable":true,"href":"https:\/\/ecole-ste-anne-asserac.fr\/index.php?rest_route=\/wp\/v2\/users\/3"}],"replies":[{"embeddable":true,"href":"https:\/\/ecole-ste-anne-asserac.fr\/index.php?rest_route=%2Fwp%2Fv2%2Fcomments&post=91"}],"version-history":[{"count":4,"href":"https:\/\/ecole-ste-anne-asserac.fr\/index.php?rest_route=\/wp\/v2\/pages\/91\/revisions"}],"predecessor-version":[{"id":6283,"href":"https:\/\/ecole-ste-anne-asserac.fr\/index.php?rest_route=\/wp\/v2\/pages\/91\/revisions\/6283"}],"wp:attachment":[{"href":"https:\/\/ecole-ste-anne-asserac.fr\/index.php?rest_route=%2Fwp%2Fv2%2Fmedia&parent=91"}],"curies":[{"name":"wp","href":"https:\/\/api.w.org\/{rel}","templated":true}]}}